{"id":2,"date":"2024-09-09T17:23:03","date_gmt":"2024-09-09T15:23:03","guid":{"rendered":"\/?page_id=2"},"modified":"2024-12-17T10:12:55","modified_gmt":"2024-12-17T09:12:55","slug":"przykladowa-strona","status":"publish","type":"page","link":"https:\/\/niezbednikkrzyzowca.7szkola.pl\/?page_id=2","title":{"rendered":"Przepraszamy"},"content":{"rendered":"\n<p>Pa\u0144stwo Ko\u015bcielne zosta\u0142o rozwi\u0105zane, je\u015bli chcesz znale\u017a\u0107 informacj\u0119 odno\u015bnie krucjat &#8211; prosz\u0119 poczekaj na jego reaktywacj\u0119.<\/p>\n","protected":false},"excerpt":{"rendered":"<p>Pa\u0144stwo Ko\u015bcielne zosta\u0142o rozwi\u0105zane, je\u015bli chcesz znale\u017a\u0107 informacj\u0119 odno\u015bnie krucjat &#8211; prosz\u0119 poczekaj na jego reaktywacj\u0119.<\/p>\n","protected":false},"author":1,"featured_media":0,"parent":0,"menu_order":0,"comment_status":"closed","ping_status":"open","template":"","meta":{"footnotes":""},"class_list":["post-2","page","type-page","status-publish","hentry"],"_links":{"self":[{"href":"https:\/\/niezbednikkrzyzowca.7szkola.pl\/index.php?rest_route=\/wp\/v2\/pages\/2","targetHints":{"allow":["GET"]}}],"collection":[{"href":"https:\/\/niezbednikkrzyzowca.7szkola.pl\/index.php?rest_route=\/wp\/v2\/pages"}],"about":[{"href":"https:\/\/niezbednikkrzyzowca.7szkola.pl\/index.php?rest_route=\/wp\/v2\/types\/page"}],"author":[{"embeddable":true,"href":"https:\/\/niezbednikkrzyzowca.7szkola.pl\/index.php?rest_route=\/wp\/v2\/users\/1"}],"replies":[{"embeddable":true,"href":"https:\/\/niezbednikkrzyzowca.7szkola.pl\/index.php?rest_route=%2Fwp%2Fv2%2Fcomments&post=2"}],"version-history":[{"count":2,"href":"https:\/\/niezbednikkrzyzowca.7szkola.pl\/index.php?rest_route=\/wp\/v2\/pages\/2\/revisions"}],"predecessor-version":[{"id":290,"href":"https:\/\/niezbednikkrzyzowca.7szkola.pl\/index.php?rest_route=\/wp\/v2\/pages\/2\/revisions\/290"}],"wp:attachment":[{"href":"https:\/\/niezbednikkrzyzowca.7szkola.pl\/index.php?rest_route=%2Fwp%2Fv2%2Fmedia&parent=2"}],"curies":[{"name":"wp","href":"https:\/\/api.w.org\/{rel}","templated":true}]}}