{"id":219,"date":"2024-12-03T10:25:46","date_gmt":"2024-12-03T09:25:46","guid":{"rendered":"https:\/\/niezbednikkrzyzowca.7szkola.pl\/?page_id=219"},"modified":"2024-12-10T10:22:20","modified_gmt":"2024-12-10T09:22:20","slug":"o-nas-2","status":"publish","type":"page","link":"https:\/\/niezbednikkrzyzowca.7szkola.pl\/?page_id=219","title":{"rendered":"O nas"},"content":{"rendered":"\n<p>Niezb\u0119dnik krzy\u017cowca to strona istniej\u0105ca z tradycjami ju\u017c od roku 2024. Zosta\u0142a za\u0142o\u017cona przez trzech uczni\u00f3w liceum, kt\u00f3rzy nie mieli \u017cadnego innego pomys\u0142u co zrobi\u0107 jako projekt na informatyk\u0119- i od tej pory pomaga krzy\u017cowcom z ca\u0142ego \u015bwiata walczy\u0107 o Ziemi\u0119 \u015awi\u0119t\u0105. Deus Vult!<\/p>\n","protected":false},"excerpt":{"rendered":"<p>Niezb\u0119dnik krzy\u017cowca to strona istniej\u0105ca z tradycjami ju\u017c od roku 2024. Zosta\u0142a za\u0142o\u017cona przez trzech uczni\u00f3w liceum, kt\u00f3rzy nie mieli \u017cadnego innego pomys\u0142u co zrobi\u0107 jako projekt na informatyk\u0119- i od tej pory pomaga krzy\u017cowcom z ca\u0142ego \u015bwiata walczy\u0107 o Ziemi\u0119 \u015awi\u0119t\u0105. Deus Vult!<\/p>\n","protected":false},"author":1,"featured_media":0,"parent":0,"menu_order":0,"comment_status":"closed","ping_status":"closed","template":"","meta":{"footnotes":""},"class_list":["post-219","page","type-page","status-publish","hentry"],"_links":{"self":[{"href":"https:\/\/niezbednikkrzyzowca.7szkola.pl\/index.php?rest_route=\/wp\/v2\/pages\/219","targetHints":{"allow":["GET"]}}],"collection":[{"href":"https:\/\/niezbednikkrzyzowca.7szkola.pl\/index.php?rest_route=\/wp\/v2\/pages"}],"about":[{"href":"https:\/\/niezbednikkrzyzowca.7szkola.pl\/index.php?rest_route=\/wp\/v2\/types\/page"}],"author":[{"embeddable":true,"href":"https:\/\/niezbednikkrzyzowca.7szkola.pl\/index.php?rest_route=\/wp\/v2\/users\/1"}],"replies":[{"embeddable":true,"href":"https:\/\/niezbednikkrzyzowca.7szkola.pl\/index.php?rest_route=%2Fwp%2Fv2%2Fcomments&post=219"}],"version-history":[{"count":2,"href":"https:\/\/niezbednikkrzyzowca.7szkola.pl\/index.php?rest_route=\/wp\/v2\/pages\/219\/revisions"}],"predecessor-version":[{"id":251,"href":"https:\/\/niezbednikkrzyzowca.7szkola.pl\/index.php?rest_route=\/wp\/v2\/pages\/219\/revisions\/251"}],"wp:attachment":[{"href":"https:\/\/niezbednikkrzyzowca.7szkola.pl\/index.php?rest_route=%2Fwp%2Fv2%2Fmedia&parent=219"}],"curies":[{"name":"wp","href":"https:\/\/api.w.org\/{rel}","templated":true}]}}