{"id":42,"date":"2024-11-12T11:16:58","date_gmt":"2024-11-12T10:16:58","guid":{"rendered":"https:\/\/niezbednikkrzyzowca.7szkola.pl\/?page_id=42"},"modified":"2024-11-19T11:26:38","modified_gmt":"2024-11-19T10:26:38","slug":"jak-dotrzec-na-krucjate","status":"publish","type":"page","link":"https:\/\/niezbednikkrzyzowca.7szkola.pl\/?page_id=42","title":{"rendered":"Jak dotrze\u0107 na krucjat\u0119"},"content":{"rendered":"\n<p>Ziemia \u015awi\u0119ta nie jest tu\u017c za progiem i \u017ceby do niej dotrze\u0107 trzeba czasami pokona\u0107 du\u017ce dystanse. Dlatego tak wa\u017cne jest posiadanie wiedzy o jej po\u0142o\u017ceniu.<\/p>\n\n\n\n<figure class=\"wp-block-image aligncenter size-full is-resized\"><img loading=\"lazy\" decoding=\"async\" width=\"300\" height=\"408\" src=\"http:\/\/niezbednikkrzyzowca.7szkola.pl\/wp-content\/uploads\/2024\/11\/Map_Crusader_states_1135-pl.svg_.png\" alt=\"\" class=\"wp-image-79\" style=\"width:579px;height:auto\" srcset=\"https:\/\/niezbednikkrzyzowca.7szkola.pl\/wp-content\/uploads\/2024\/11\/Map_Crusader_states_1135-pl.svg_.png 300w, https:\/\/niezbednikkrzyzowca.7szkola.pl\/wp-content\/uploads\/2024\/11\/Map_Crusader_states_1135-pl.svg_-221x300.png 221w\" sizes=\"auto, (max-width: 300px) 100vw, 300px\" \/><\/figure>\n\n\n\n<p>Jerozolima le\u017cy na Bliskim Wschodzie na po\u0142udniowy wsch\u00f3d od Rzymu i na zach\u00f3d od Egiptu. W celu dotarcia do niej zaleca si\u0119 u\u017cycie jednej z kilku tras:<\/p>\n\n\n\n<figure class=\"wp-block-image size-large\"><img loading=\"lazy\" decoding=\"async\" width=\"1024\" height=\"637\" src=\"https:\/\/niezbednikkrzyzowca.7szkola.pl\/wp-content\/uploads\/2024\/11\/image-3-1024x637.png\" alt=\"\" class=\"wp-image-153\" srcset=\"https:\/\/niezbednikkrzyzowca.7szkola.pl\/wp-content\/uploads\/2024\/11\/image-3-1024x637.png 1024w, https:\/\/niezbednikkrzyzowca.7szkola.pl\/wp-content\/uploads\/2024\/11\/image-3-300x187.png 300w, https:\/\/niezbednikkrzyzowca.7szkola.pl\/wp-content\/uploads\/2024\/11\/image-3.png 1285w\" sizes=\"auto, (max-width: 1024px) 100vw, 1024px\" \/><\/figure>\n\n\n\n<ul class=\"wp-block-list\">\n<li>Trasy Francuskie\n<ul class=\"wp-block-list\">\n<li>Trasa 1 &#8211; Marsylia\/Genua > Mesyna (morzem) > Akka (morzem) > Jerozlolima &#8211; kolor niebieski<\/li>\n\n\n\n<li>Trasa 2 &#8211; Lyon > Genua > Rzym > Bari > Durazzo (morzem) > Konstantynopol > Antiochia > Jerozolima &#8211; kolor czerwony<\/li>\n\n\n\n<li>Trasa 3 &#8211; Lyon > Werona > Spoleto > Konstantynopol > Antiochia > Jerozolima &#8211; kolor czerwony<\/li>\n<\/ul>\n<\/li>\n\n\n\n<li>Trasy W\u0142oskie\n<ul class=\"wp-block-list\">\n<li>Trasa 1 = Francja, Trasa 1<\/li>\n\n\n\n<li>Trasa 2 &#8211; Genua > Rzym > Bari > Durazzo (morzem) > Konstantynopol > Antiochia > Jerozolima &#8211; kolor czerwony<\/li>\n\n\n\n<li>Trasa 3 &#8211; Wenecja > Zara > Durazzo > Konstantynopol (morzem) > Antiochia >Jerozolima &#8211; kolor pomara\u0144czowy\/czerwony<\/li>\n<\/ul>\n<\/li>\n\n\n\n<li>Trasy Niemieckie\n<ul class=\"wp-block-list\">\n<li>Trasa 1 &#8211; Kolonia > Ratyzbona > Wiede\u0144 > Belgrad > Sofia > Konstantynopol > Antiochia > Jerozolima &#8211; kolor czerwony<\/li>\n<\/ul>\n<\/li>\n\n\n\n<li>Trasy Angielskie\n<ul class=\"wp-block-list\">\n<li>Trasa 1 &#8211; Londyn > Lizbona (morzem) > Marsylia (morzem) > Francja, Trasa 1 &#8211; kolor niebieski<\/li>\n<\/ul>\n<\/li>\n<\/ul>\n\n\n\n<p><\/p>\n","protected":false},"excerpt":{"rendered":"<p>Ziemia \u015awi\u0119ta nie jest tu\u017c za progiem i \u017ceby do niej dotrze\u0107 trzeba czasami pokona\u0107 du\u017ce dystanse. Dlatego tak wa\u017cne jest posiadanie wiedzy o jej po\u0142o\u017ceniu. Jerozolima le\u017cy na Bliskim Wschodzie na po\u0142udniowy wsch\u00f3d od Rzymu i na zach\u00f3d od Egiptu. W celu dotarcia do niej zaleca si\u0119 u\u017cycie jednej z kilku tras:<\/p>\n","protected":false},"author":1,"featured_media":0,"parent":0,"menu_order":0,"comment_status":"closed","ping_status":"closed","template":"","meta":{"footnotes":""},"class_list":["post-42","page","type-page","status-publish","hentry"],"_links":{"self":[{"href":"https:\/\/niezbednikkrzyzowca.7szkola.pl\/index.php?rest_route=\/wp\/v2\/pages\/42","targetHints":{"allow":["GET"]}}],"collection":[{"href":"https:\/\/niezbednikkrzyzowca.7szkola.pl\/index.php?rest_route=\/wp\/v2\/pages"}],"about":[{"href":"https:\/\/niezbednikkrzyzowca.7szkola.pl\/index.php?rest_route=\/wp\/v2\/types\/page"}],"author":[{"embeddable":true,"href":"https:\/\/niezbednikkrzyzowca.7szkola.pl\/index.php?rest_route=\/wp\/v2\/users\/1"}],"replies":[{"embeddable":true,"href":"https:\/\/niezbednikkrzyzowca.7szkola.pl\/index.php?rest_route=%2Fwp%2Fv2%2Fcomments&post=42"}],"version-history":[{"count":9,"href":"https:\/\/niezbednikkrzyzowca.7szkola.pl\/index.php?rest_route=\/wp\/v2\/pages\/42\/revisions"}],"predecessor-version":[{"id":179,"href":"https:\/\/niezbednikkrzyzowca.7szkola.pl\/index.php?rest_route=\/wp\/v2\/pages\/42\/revisions\/179"}],"wp:attachment":[{"href":"https:\/\/niezbednikkrzyzowca.7szkola.pl\/index.php?rest_route=%2Fwp%2Fv2%2Fmedia&parent=42"}],"curies":[{"name":"wp","href":"https:\/\/api.w.org\/{rel}","templated":true}]}}