{"id":43,"date":"2024-11-12T11:16:58","date_gmt":"2024-11-12T10:16:58","guid":{"rendered":"https:\/\/niezbednikkrzyzowca.7szkola.pl\/?page_id=43"},"modified":"2024-12-03T11:27:41","modified_gmt":"2024-12-03T10:27:41","slug":"czego-potrzebujesz","status":"publish","type":"page","link":"https:\/\/niezbednikkrzyzowca.7szkola.pl\/?page_id=43","title":{"rendered":"Czego potrzebujesz"},"content":{"rendered":"\n<p>Krucjata to nie pierwsza, lepsza zabawa i nale\u017cy si\u0119 do niej dobrze przygotowa\u0107, dlatego przygotowali\u015bmy list\u0119 rzeczy potrzebnych na tak\u0105 wypraw\u0119. <\/p>\n\n\n\n<ul class=\"wp-block-list\">\n<li>Rzeczy niezb\u0119dne\n<ul class=\"wp-block-list\">\n<li> bro\u0144 &#8211; najlepiej miecz, mo\u017ce by\u0107 r\u00f3wnie\u017c inna bro\u0144 bia\u0142a lub dystansowa<\/li>\n\n\n\n<li>zbroja lub inna odzie\u017c ochronna &#8211; najlepiej p\u0142ytowa, koniecznie z krzy\u017cem<\/li>\n\n\n\n<li>woda i \u017cywno\u015b\u0107 &#8211; zw\u0142aszcza woda, w Ziemi \u015awi\u0119tej jest bardzo gor\u0105co<\/li>\n\n\n\n<li>namiot i pos\u0142anie<\/li>\n<\/ul>\n<\/li>\n\n\n\n<li>Rzeczy dodatkowe\n<ul class=\"wp-block-list\">\n<li>ko\u0144<\/li>\n\n\n\n<li>w\u0142asna dru\u017cyna zbrojna<\/li>\n\n\n\n<li>balista \/ katapulta \/ trebusz<\/li>\n<\/ul>\n<\/li>\n\n\n\n<li>*Cz\u0119\u015b\u0107 z tych rzeczy mo\u017ce by\u0107 dostarczona przez organizatora krucjaty<img loading=\"lazy\" decoding=\"async\" width=\"1000\" height=\"1000\" class=\"wp-image-242\" style=\"width: 1000px;\" src=\"http:\/\/niezbednikkrzyzowca.7szkola.pl\/wp-content\/uploads\/2024\/12\/279aba79-2f18-4ad1-9725-48d30bdb1320.jpg\" alt=\"\" srcset=\"https:\/\/niezbednikkrzyzowca.7szkola.pl\/wp-content\/uploads\/2024\/12\/279aba79-2f18-4ad1-9725-48d30bdb1320.jpg 1024w, https:\/\/niezbednikkrzyzowca.7szkola.pl\/wp-content\/uploads\/2024\/12\/279aba79-2f18-4ad1-9725-48d30bdb1320-300x300.jpg 300w, https:\/\/niezbednikkrzyzowca.7szkola.pl\/wp-content\/uploads\/2024\/12\/279aba79-2f18-4ad1-9725-48d30bdb1320-150x150.jpg 150w\" sizes=\"auto, (max-width: 1000px) 100vw, 1000px\" \/><\/li>\n\n\n\n<li>Rzeczy, kt\u00f3rych nigdy nie bierz\n<ul class=\"wp-block-list\">\n<li>koran<\/li>\n\n\n\n<li>szabla<\/li>\n\n\n\n<li>turban<\/li>\n<\/ul>\n<\/li>\n<\/ul>\n\n\n","protected":false},"excerpt":{"rendered":"<p>Krucjata to nie pierwsza, lepsza zabawa i nale\u017cy si\u0119 do niej dobrze przygotowa\u0107, dlatego przygotowali\u015bmy list\u0119 rzeczy potrzebnych na tak\u0105 wypraw\u0119.<\/p>\n","protected":false},"author":1,"featured_media":0,"parent":0,"menu_order":0,"comment_status":"closed","ping_status":"closed","template":"","meta":{"footnotes":""},"class_list":["post-43","page","type-page","status-publish","hentry"],"_links":{"self":[{"href":"https:\/\/niezbednikkrzyzowca.7szkola.pl\/index.php?rest_route=\/wp\/v2\/pages\/43","targetHints":{"allow":["GET"]}}],"collection":[{"href":"https:\/\/niezbednikkrzyzowca.7szkola.pl\/index.php?rest_route=\/wp\/v2\/pages"}],"about":[{"href":"https:\/\/niezbednikkrzyzowca.7szkola.pl\/index.php?rest_route=\/wp\/v2\/types\/page"}],"author":[{"embeddable":true,"href":"https:\/\/niezbednikkrzyzowca.7szkola.pl\/index.php?rest_route=\/wp\/v2\/users\/1"}],"replies":[{"embeddable":true,"href":"https:\/\/niezbednikkrzyzowca.7szkola.pl\/index.php?rest_route=%2Fwp%2Fv2%2Fcomments&post=43"}],"version-history":[{"count":10,"href":"https:\/\/niezbednikkrzyzowca.7szkola.pl\/index.php?rest_route=\/wp\/v2\/pages\/43\/revisions"}],"predecessor-version":[{"id":249,"href":"https:\/\/niezbednikkrzyzowca.7szkola.pl\/index.php?rest_route=\/wp\/v2\/pages\/43\/revisions\/249"}],"wp:attachment":[{"href":"https:\/\/niezbednikkrzyzowca.7szkola.pl\/index.php?rest_route=%2Fwp%2Fv2%2Fmedia&parent=43"}],"curies":[{"name":"wp","href":"https:\/\/api.w.org\/{rel}","templated":true}]}}