{"id":44,"date":"2024-11-12T11:16:58","date_gmt":"2024-11-12T10:16:58","guid":{"rendered":"https:\/\/niezbednikkrzyzowca.7szkola.pl\/?page_id=44"},"modified":"2024-12-10T11:20:37","modified_gmt":"2024-12-10T10:20:37","slug":"dlaczego-isc-na-krucjate","status":"publish","type":"page","link":"https:\/\/niezbednikkrzyzowca.7szkola.pl\/?page_id=44","title":{"rendered":"Dlaczego i\u015b\u0107 na krucjat\u0119"},"content":{"rendered":"\n<p>Je\u017celi tu trafi\u0142e\u015b to prawdopodobnie wci\u0105\u017c masz w\u0105tpliwo\u015bci ci wyruszy\u0107 broni\u0107 Ziemi \u015awi\u0119tej. Ale spokojnie jeste\u015bmy tu by to zmieni\u0107. Przygotowali\u015bmy list\u0119 powod\u00f3w, dla kt\u00f3rych wspaniale jest i\u015b\u0107 na krucjat\u0119.<\/p>\n\n\n\n<p>Pow\u00f3d 1 &#8211; odpust. Ka\u017cdy uczestnik krucjaty, kt\u00f3ry dobrowolnie przy\u0142\u0105czy si\u0119 do walki o Ziemi\u0119 \u015awi\u0119t\u0105 otrzymuje odpuszczenie kary doczesnej za grzechy. Dodatkowo otrzymuje r\u00f3wnie\u017c b\u0142ogos\u0142awie\u0144stwo papie\u017ca<\/p>\n\n\n\n<p>Pow\u00f3d 2 &#8211; je\u015bli jeste\u015b biedny i nie wiesz co robi\u0107 ze swoim \u017cyciem to pami\u0119taj, \u017ce w odbitej Ziemie \u015awi\u0119tej b\u0119dzie sporo tytu\u0142\u00f3w i ziemi do rozdania, a kt\u00f3ry\u015b z nich mo\u017ce trafi\u0107 r\u00f3wnie\u017c do ciebie<\/p>\n\n\n\n<p>Pow\u00f3d 3 &#8211; jak mo\u017cesz swobodnie patrzy\u0107, kiedy Muzu\u0142manie okupuj\u0105 nasze naj\u015bwi\u0119tsze miejsca! Walcz o honor i chwa\u0142\u0119 w s\u0142usznym celu!<\/p>\n\n\n\n<p>Pow\u00f3d 4 &#8211; pog\u0142\u0119bianie wi\u0119zi braterskich z towarzyszami broni podczas walki z muzu\u0142manami<\/p>\n\n\n\n<figure class=\"wp-block-image size-full is-resized\"><img loading=\"lazy\" decoding=\"async\" width=\"607\" height=\"575\" src=\"https:\/\/niezbednikkrzyzowca.7szkola.pl\/wp-content\/uploads\/2024\/12\/obraz.png\" alt=\"\" class=\"wp-image-272\" style=\"width:1104px;height:auto\" srcset=\"https:\/\/niezbednikkrzyzowca.7szkola.pl\/wp-content\/uploads\/2024\/12\/obraz.png 607w, https:\/\/niezbednikkrzyzowca.7szkola.pl\/wp-content\/uploads\/2024\/12\/obraz-300x284.png 300w\" sizes=\"auto, (max-width: 607px) 100vw, 607px\" \/><\/figure>\n\n\n\n<p><\/p>\n","protected":false},"excerpt":{"rendered":"<p>Je\u017celi tu trafi\u0142e\u015b to prawdopodobnie wci\u0105\u017c masz w\u0105tpliwo\u015bci ci wyruszy\u0107 broni\u0107 Ziemi \u015awi\u0119tej. Ale spokojnie jeste\u015bmy tu by to zmieni\u0107. Przygotowali\u015bmy list\u0119 powod\u00f3w, dla kt\u00f3rych wspaniale jest i\u015b\u0107 na krucjat\u0119. Pow\u00f3d 1 &#8211; odpust. Ka\u017cdy uczestnik krucjaty, kt\u00f3ry dobrowolnie przy\u0142\u0105czy si\u0119 do walki o Ziemi\u0119 \u015awi\u0119t\u0105 otrzymuje odpuszczenie kary doczesnej za grzechy. Dodatkowo otrzymuje r\u00f3wnie\u017c &hellip; <\/p>\n<p class=\"link-more\"><a href=\"https:\/\/niezbednikkrzyzowca.7szkola.pl\/?page_id=44\" class=\"more-link\">Read more<span class=\"screen-reader-text\"> &#8222;Dlaczego i\u015b\u0107 na krucjat\u0119&#8221;<\/span><\/a><\/p>\n","protected":false},"author":1,"featured_media":0,"parent":0,"menu_order":0,"comment_status":"closed","ping_status":"closed","template":"","meta":{"footnotes":""},"class_list":["post-44","page","type-page","status-publish","hentry"],"_links":{"self":[{"href":"https:\/\/niezbednikkrzyzowca.7szkola.pl\/index.php?rest_route=\/wp\/v2\/pages\/44","targetHints":{"allow":["GET"]}}],"collection":[{"href":"https:\/\/niezbednikkrzyzowca.7szkola.pl\/index.php?rest_route=\/wp\/v2\/pages"}],"about":[{"href":"https:\/\/niezbednikkrzyzowca.7szkola.pl\/index.php?rest_route=\/wp\/v2\/types\/page"}],"author":[{"embeddable":true,"href":"https:\/\/niezbednikkrzyzowca.7szkola.pl\/index.php?rest_route=\/wp\/v2\/users\/1"}],"replies":[{"embeddable":true,"href":"https:\/\/niezbednikkrzyzowca.7szkola.pl\/index.php?rest_route=%2Fwp%2Fv2%2Fcomments&post=44"}],"version-history":[{"count":8,"href":"https:\/\/niezbednikkrzyzowca.7szkola.pl\/index.php?rest_route=\/wp\/v2\/pages\/44\/revisions"}],"predecessor-version":[{"id":275,"href":"https:\/\/niezbednikkrzyzowca.7szkola.pl\/index.php?rest_route=\/wp\/v2\/pages\/44\/revisions\/275"}],"wp:attachment":[{"href":"https:\/\/niezbednikkrzyzowca.7szkola.pl\/index.php?rest_route=%2Fwp%2Fv2%2Fmedia&parent=44"}],"curies":[{"name":"wp","href":"https:\/\/api.w.org\/{rel}","templated":true}]}}