{"id":45,"date":"2024-11-12T11:16:58","date_gmt":"2024-11-12T10:16:58","guid":{"rendered":"https:\/\/niezbednikkrzyzowca.7szkola.pl\/?page_id=45"},"modified":"2024-12-17T10:31:55","modified_gmt":"2024-12-17T09:31:55","slug":"zorganizuj-wlasna-krucjate","status":"publish","type":"page","link":"https:\/\/niezbednikkrzyzowca.7szkola.pl\/?page_id=45","title":{"rendered":"Zorganizuj w\u0142asn\u0105 krucjat\u0119"},"content":{"rendered":"\n<p>Jeste\u015b do\u015b\u0107 bogaty i nie chce ci si\u0119 czeka\u0107, a\u017c kto\u015b zorganizuje krucjat\u0119? Trafi\u0142e\u015b doskonale! Pomo\u017cemy ci zorganizowa\u0107 w\u0142asn\u0105.<\/p>\n\n\n\n<ul class=\"wp-block-list\">\n<li>Krok 1 &#8211; b\u0142ogos\u0142awie\u0144stwo\n<ul class=\"wp-block-list\">\n<li>Skontaktuj si\u0119 z Papie\u017cem i uzyskaj od niego potwierdzenie oraz b\u0142ogos\u0142awie\u0144stwo krucjaty<\/li>\n<\/ul>\n<\/li>\n\n\n\n<li>Krok 2 &#8211; trasa\n<ul class=\"wp-block-list\">\n<li>Ustal cel krucjaty<\/li>\n\n\n\n<li>Zaplanuj kampani\u0119<\/li>\n\n\n\n<li>Upewnij si\u0119, \u017ce b\u0119dziesz w stanie przetransportowa\u0107 swoich \u017co\u0142nierzy<\/li>\n\n\n\n<li>Ustal miejsce zbi\u00f3rki<\/li>\n<\/ul>\n<\/li>\n\n\n\n<li>Krok 3 &#8211; zaopatrzenie\n<ul class=\"wp-block-list\">\n<li>Zorganizuj zapasy wody i jedzenie dla swoich \u017co\u0142nierzy<\/li>\n\n\n\n<li>Przygotuj r\u00f3wnie\u017c namioty i inne rzeczy przydatne w obozowisku, a tak\u017ce bro\u0144 i uzbrojenie &#8211; wi\u0119kszo\u015b\u0107 twoich ludzi mo\u017ce by\u0107 biedna i nie mie\u0107 na to pieni\u0119dzy<\/li>\n\n\n\n<li>Zatroszcz si\u0119 o kowali, tragarzy, przewodnik\u00f3w i ka\u017cde inne wsparcie jakie mo\u017cesz znale\u017a\u0107 dla swojej armii<\/li>\n\n\n\n<li>Skontaktuj si\u0119 z europejskimi w\u0142adcami i postaraj si\u0119 uzyska\u0107 od nich wsparcie<\/li>\n<\/ul>\n<\/li>\n\n\n\n<li>Krok 4 &#8211; zbi\u00f3rka\n<ul class=\"wp-block-list\">\n<li>ustal dat\u0119 miejsce spotkania dla wszystkich ochotnik\u00f3w chc\u0105cych i\u015b\u0107 z tob\u0105 na krucjat\u0119<\/li>\n\n\n\n<li>rozg\u0142o\u015b to po \u015bwiecie za pomoc\u0105 wszystkich \u015brodk\u00f3w jakie tylko masz dost\u0119pne<\/li>\n\n\n\n<li>Przygotuj w miejscu zbi\u00f3rki ob\u00f3z na przyj\u0119cie wszystkich swoich \u017co\u0142nierzy<\/li>\n<\/ul>\n<\/li>\n\n\n\n<li>Krok 5 &#8211; po zbi\u00f3rce\n<ul class=\"wp-block-list\">\n<li>Wyznacz swojej armii oficer\u00f3w i podziel \u017co\u0142nierzy na oddzia\u0142y<\/li>\n\n\n\n<li>Wprowad\u017a dyscyplin\u0119 i wyznacz przepisy w obozie<\/li>\n\n\n\n<li>Ustal kary za z\u0142amanie obowi\u0105zuj\u0105cego regulaminu<\/li>\n\n\n\n<li>Upewnij si\u0119, \u017ce jeste\u015b w stanie efektywnie dowodzi\u0107 armi\u0105, je\u015bli nie wyznacz odpowiedniego dow\u00f3dc\u0119<\/li>\n<\/ul>\n<\/li>\n\n\n\n<li>Krok 6\n<ul class=\"wp-block-list\">\n<li>Gotowe &#8211; mo\u017cesz ju\u017c rusza\u0107<\/li>\n<\/ul>\n<\/li>\n<\/ul>\n\n\n\n<div class=\"wp-block-media-text has-media-on-the-right is-stacked-on-mobile\" style=\"grid-template-columns:auto 85%\"><div class=\"wp-block-media-text__content\">\n<p><\/p>\n<\/div><figure class=\"wp-block-media-text__media\"><img loading=\"lazy\" decoding=\"async\" width=\"1024\" height=\"1024\" src=\"https:\/\/niezbednikkrzyzowca.7szkola.pl\/wp-content\/uploads\/2024\/12\/317c108e-9b67-4e03-929e-172b979489b7-2.jpg\" alt=\"\" class=\"wp-image-262 size-full\" srcset=\"https:\/\/niezbednikkrzyzowca.7szkola.pl\/wp-content\/uploads\/2024\/12\/317c108e-9b67-4e03-929e-172b979489b7-2.jpg 1024w, https:\/\/niezbednikkrzyzowca.7szkola.pl\/wp-content\/uploads\/2024\/12\/317c108e-9b67-4e03-929e-172b979489b7-2-300x300.jpg 300w, https:\/\/niezbednikkrzyzowca.7szkola.pl\/wp-content\/uploads\/2024\/12\/317c108e-9b67-4e03-929e-172b979489b7-2-150x150.jpg 150w\" sizes=\"auto, (max-width: 1024px) 100vw, 1024px\" \/><\/figure><\/div>\n","protected":false},"excerpt":{"rendered":"<p>Jeste\u015b do\u015b\u0107 bogaty i nie chce ci si\u0119 czeka\u0107, a\u017c kto\u015b zorganizuje krucjat\u0119? Trafi\u0142e\u015b doskonale! Pomo\u017cemy ci zorganizowa\u0107 w\u0142asn\u0105.<\/p>\n","protected":false},"author":1,"featured_media":0,"parent":0,"menu_order":0,"comment_status":"closed","ping_status":"closed","template":"","meta":{"footnotes":""},"class_list":["post-45","page","type-page","status-publish","hentry"],"_links":{"self":[{"href":"https:\/\/niezbednikkrzyzowca.7szkola.pl\/index.php?rest_route=\/wp\/v2\/pages\/45","targetHints":{"allow":["GET"]}}],"collection":[{"href":"https:\/\/niezbednikkrzyzowca.7szkola.pl\/index.php?rest_route=\/wp\/v2\/pages"}],"about":[{"href":"https:\/\/niezbednikkrzyzowca.7szkola.pl\/index.php?rest_route=\/wp\/v2\/types\/page"}],"author":[{"embeddable":true,"href":"https:\/\/niezbednikkrzyzowca.7szkola.pl\/index.php?rest_route=\/wp\/v2\/users\/1"}],"replies":[{"embeddable":true,"href":"https:\/\/niezbednikkrzyzowca.7szkola.pl\/index.php?rest_route=%2Fwp%2Fv2%2Fcomments&post=45"}],"version-history":[{"count":7,"href":"https:\/\/niezbednikkrzyzowca.7szkola.pl\/index.php?rest_route=\/wp\/v2\/pages\/45\/revisions"}],"predecessor-version":[{"id":291,"href":"https:\/\/niezbednikkrzyzowca.7szkola.pl\/index.php?rest_route=\/wp\/v2\/pages\/45\/revisions\/291"}],"wp:attachment":[{"href":"https:\/\/niezbednikkrzyzowca.7szkola.pl\/index.php?rest_route=%2Fwp%2Fv2%2Fmedia&parent=45"}],"curies":[{"name":"wp","href":"https:\/\/api.w.org\/{rel}","templated":true}]}}