{"id":46,"date":"2024-11-12T11:16:58","date_gmt":"2024-11-12T10:16:58","guid":{"rendered":"https:\/\/niezbednikkrzyzowca.7szkola.pl\/?page_id=46"},"modified":"2024-12-10T11:06:55","modified_gmt":"2024-12-10T10:06:55","slug":"zakony-rycerskie","status":"publish","type":"page","link":"https:\/\/niezbednikkrzyzowca.7szkola.pl\/?page_id=46","title":{"rendered":"Zakony rycerskie"},"content":{"rendered":"\n<p>Je\u015bli uczestnictwo w wyprawach krzy\u017cowych jest dla ciebie nie wystarczaj\u0105ce i chcesz zaj\u0105\u0107 si\u0119 s\u0142u\u017cbie Bo\u017cej na ca\u0142e \u017cycie to zakony rycerskie mog\u0105 by\u0107 miejscem dla ciebie  <\/p>\n\n\n\n<div class=\"wp-block-group is-content-justification-center is-nowrap is-layout-flex wp-container-core-group-is-layout-bfbbbc10 wp-block-group-is-layout-flex\">\n<div class=\"wp-block-columns is-layout-flex wp-container-core-columns-is-layout-28f84493 wp-block-columns-is-layout-flex\">\n<div class=\"wp-block-column is-layout-flow wp-block-column-is-layout-flow\">\n<h2 class=\"wp-block-heading alignwide\">Templariusze<\/h2>\n\n\n\n<p>Zakon Ubogich Rycerzy Chrystusa i \u015awi\u0105tyni Salomona powsta\u0142y w 1118 roku kiedy rycerze z Szampanii Hugo de Payens z\u0142o\u017cyli przed patriarch\u0105 Jerozolimy \u015bluby czysto\u015bci, ub\u00f3stwa, pobo\u017cno\u015bci i walki za wiar\u0119. <br><br>Do g\u0142\u00f3wnych zada\u0144 Templariuszy nale\u017cy ochrona pielgrzym\u00f3w zmierzaj\u0105cych do Jerozolimy oraz utrzymywanie szlak\u00f3w pielgrzymkowych jako bezpieczne. <br><br>Kwatera Templariuszy znajduje si\u0119 w Jerozolimie lecz stara\u0107 si\u0119 o do\u0142\u0105czenie mo\u017cesz r\u00f3wnie\u017c w du\u017cej ilo\u015bci siedzib na terenie ca\u0142ej Europy.<\/p>\n<\/div>\n<\/div>\n\n\n\n<figure class=\"wp-block-image aligncenter size-full is-resized\"><img loading=\"lazy\" decoding=\"async\" width=\"794\" height=\"894\" src=\"http:\/\/niezbednikkrzyzowca.7szkola.pl\/wp-content\/uploads\/2024\/11\/herb-templariusze.png\" alt=\"\" class=\"wp-image-155\" style=\"width:872px;height:auto\" srcset=\"https:\/\/niezbednikkrzyzowca.7szkola.pl\/wp-content\/uploads\/2024\/11\/herb-templariusze.png 794w, https:\/\/niezbednikkrzyzowca.7szkola.pl\/wp-content\/uploads\/2024\/11\/herb-templariusze-266x300.png 266w\" sizes=\"auto, (max-width: 794px) 100vw, 794px\" \/><\/figure>\n<\/div>\n\n\n\n<div class=\"wp-block-group is-nowrap is-layout-flex wp-container-core-group-is-layout-bd3f9bef wp-block-group-is-layout-flex\">\n<div class=\"wp-block-columns is-layout-flex wp-container-core-columns-is-layout-28f84493 wp-block-columns-is-layout-flex\">\n<div class=\"wp-block-column is-layout-flow wp-block-column-is-layout-flow\">\n<h2 class=\"wp-block-heading alignwide\">Joannici<\/h2>\n\n\n\n<p>Suwerenny Rycerski Zakon Szpitalnik\u00f3w \u015awi\u0119tego Jana, z Jerozolimy, z Rodos i z Malty wywodz\u0105cy si\u0119 z ma\u0142ego bractwa za\u0142o\u017conego jeszcze przed I krucjat\u0105 w 1070 roku, kt\u00f3re dzi\u0119ki du\u017cym osi\u0105gni\u0119ciom podczas I krucjaty, w 1113 zosta\u0142 uznany oficjalnie za zakon rycerski.<br><br>Od utworzeniu Kr\u00f3lestwa Jerozolimskiego Joannici maj\u0105 obowi\u0105zek strze\u017cenia bezpiecze\u0144stwa wewn\u0119trznego w nowym pa\u0144stwie.<br><br>G\u0142\u00f3wn\u0105 siedzib\u0105 joannit\u00f3w jest twierdza Margat na terenie Palestyny lecz do wst\u0105pienia do zakonu mo\u017cna si\u0119 star\u0107 w licznych komandorii na terenie Europy.<\/p>\n<\/div>\n<\/div>\n\n\n\n<figure class=\"wp-block-image aligncenter size-full is-resized\"><img loading=\"lazy\" decoding=\"async\" width=\"800\" height=\"1020\" src=\"http:\/\/niezbednikkrzyzowca.7szkola.pl\/wp-content\/uploads\/2024\/11\/Joanici-3.png\" alt=\"\" class=\"wp-image-197\" style=\"width:867px;height:auto\" srcset=\"https:\/\/niezbednikkrzyzowca.7szkola.pl\/wp-content\/uploads\/2024\/11\/Joanici-3.png 800w, https:\/\/niezbednikkrzyzowca.7szkola.pl\/wp-content\/uploads\/2024\/11\/Joanici-3-235x300.png 235w\" sizes=\"auto, (max-width: 800px) 100vw, 800px\" \/><\/figure>\n<\/div>\n\n\n\n<p class=\"has-text-align-right\"><\/p>\n\n\n\n<h2 class=\"wp-block-heading\">Krzy\u017cacy<\/h2>\n\n\n\n<div class=\"wp-block-media-text has-media-on-the-right is-stacked-on-mobile\"><div class=\"wp-block-media-text__content\">\n<p>Zakon Szpitala Naj\u015bwi\u0119tszej Marii Panny Domu Niemieckiego w Jerozolimie wywodzi si\u0119 z zakonu rycerzy krzy\u017cowych kt\u00f3rzy podczas III krucjaty utworzyli szpital zajmuj\u0105cy si\u0119 rannymi Niemcami za co w 1191r. zosta\u0142 zatwierdzony przez papie\u017ca Klemensa III.<\/p>\n\n\n\n<p> Do ich zadaniach nale\u017ca\u0142a ochrona Ziemi \u015awi\u0119tej a po sprowadzeniu zakonu przez Konrada Mazowieckiego do Polski w\u0142\u0105czali si\u0119 w akcj\u0119 chrystianizacji Prus i Inflant co doprowadzi\u0142o do utworzenia przez nich w\u0142asnego pa\u0144stwa.<\/p>\n\n\n\n<p>Od akcji chrystianizacji teren\u00f3w Prus i Inflant g\u0142\u00f3wn\u0105 siedzib\u0105 jest zamek we wsi Malbork, jednak posiadaj\u0105 siedziby na terenie ca\u0142ej Europy.<\/p>\n<\/div><figure class=\"wp-block-media-text__media\"><img loading=\"lazy\" decoding=\"async\" width=\"640\" height=\"666\" src=\"https:\/\/niezbednikkrzyzowca.7szkola.pl\/wp-content\/uploads\/2024\/12\/Template_-_Grand_Master_of_the_Teutonic_Order.svg_-1.png\" alt=\"\" class=\"wp-image-258 size-full\" srcset=\"https:\/\/niezbednikkrzyzowca.7szkola.pl\/wp-content\/uploads\/2024\/12\/Template_-_Grand_Master_of_the_Teutonic_Order.svg_-1.png 640w, https:\/\/niezbednikkrzyzowca.7szkola.pl\/wp-content\/uploads\/2024\/12\/Template_-_Grand_Master_of_the_Teutonic_Order.svg_-1-288x300.png 288w\" sizes=\"auto, (max-width: 640px) 100vw, 640px\" \/><\/figure><\/div>\n","protected":false},"excerpt":{"rendered":"<p>Je\u015bli uczestnictwo w wyprawach krzy\u017cowych jest dla ciebie nie wystarczaj\u0105ce i chcesz zaj\u0105\u0107 si\u0119 s\u0142u\u017cbie Bo\u017cej na ca\u0142e \u017cycie to zakony rycerskie mog\u0105 by\u0107 miejscem dla ciebie Templariusze Zakon Ubogich Rycerzy Chrystusa i \u015awi\u0105tyni Salomona powsta\u0142y w 1118 roku kiedy rycerze z Szampanii Hugo de Payens z\u0142o\u017cyli przed patriarch\u0105 Jerozolimy \u015bluby czysto\u015bci, ub\u00f3stwa, pobo\u017cno\u015bci i &hellip; <\/p>\n<p class=\"link-more\"><a href=\"https:\/\/niezbednikkrzyzowca.7szkola.pl\/?page_id=46\" class=\"more-link\">Read more<span class=\"screen-reader-text\"> &#8222;Zakony rycerskie&#8221;<\/span><\/a><\/p>\n","protected":false},"author":1,"featured_media":0,"parent":0,"menu_order":0,"comment_status":"closed","ping_status":"closed","template":"","meta":{"footnotes":""},"class_list":["post-46","page","type-page","status-publish","hentry"],"_links":{"self":[{"href":"https:\/\/niezbednikkrzyzowca.7szkola.pl\/index.php?rest_route=\/wp\/v2\/pages\/46","targetHints":{"allow":["GET"]}}],"collection":[{"href":"https:\/\/niezbednikkrzyzowca.7szkola.pl\/index.php?rest_route=\/wp\/v2\/pages"}],"about":[{"href":"https:\/\/niezbednikkrzyzowca.7szkola.pl\/index.php?rest_route=\/wp\/v2\/types\/page"}],"author":[{"embeddable":true,"href":"https:\/\/niezbednikkrzyzowca.7szkola.pl\/index.php?rest_route=\/wp\/v2\/users\/1"}],"replies":[{"embeddable":true,"href":"https:\/\/niezbednikkrzyzowca.7szkola.pl\/index.php?rest_route=%2Fwp%2Fv2%2Fcomments&post=46"}],"version-history":[{"count":17,"href":"https:\/\/niezbednikkrzyzowca.7szkola.pl\/index.php?rest_route=\/wp\/v2\/pages\/46\/revisions"}],"predecessor-version":[{"id":268,"href":"https:\/\/niezbednikkrzyzowca.7szkola.pl\/index.php?rest_route=\/wp\/v2\/pages\/46\/revisions\/268"}],"wp:attachment":[{"href":"https:\/\/niezbednikkrzyzowca.7szkola.pl\/index.php?rest_route=%2Fwp%2Fv2%2Fmedia&parent=46"}],"curies":[{"name":"wp","href":"https:\/\/api.w.org\/{rel}","templated":true}]}}