{"id":65,"date":"2024-11-12T11:28:45","date_gmt":"2024-11-12T10:28:45","guid":{"rendered":"https:\/\/niezbednikkrzyzowca.7szkola.pl\/?page_id=65"},"modified":"2025-01-07T10:18:43","modified_gmt":"2025-01-07T09:18:43","slug":"jak-dolaczyc-do-krucjaty","status":"publish","type":"page","link":"https:\/\/niezbednikkrzyzowca.7szkola.pl\/?page_id=65","title":{"rendered":"Jak do\u0142\u0105czy\u0107 do krucjaty"},"content":{"rendered":"\n<p>W pojedynk\u0119 Ziemi \u015awi\u0119tej nie odbijesz, dlatego bardzo wa\u017cne jest aby wyruszy\u0107 na krucjat\u0119 razem z innymi jej uczestnikami. Przygotowali\u015bmy, wi\u0119c poradnik do rekrutacji.<\/p>\n\n\n\n<ul class=\"wp-block-list\">\n<li>Krok 1 &#8211; informacja\n<ul class=\"wp-block-list\">\n<li>Czekaj na og\u0142oszenie przez papie\u017ca krucjaty, je\u015bli nie wiesz gdzie szuka\u0107 informacji mo\u017cesz to na stronie <a href=\"https:\/\/niezbednikkrzyzowca.7szkola.pl\/?page_id=2\" data-type=\"page\" data-id=\"2\">Pa\u0144stwa Ko\u015bcielnego<\/a><\/li>\n\n\n\n<li>Dowiedz si\u0119 gdzie jest miejsce zbi\u00f3rki i jej termin<\/li>\n\n\n\n<li>przegl\u0105dnij spis wyposa\u017cenia zapewnionego przez organizatora<\/li>\n<\/ul>\n<\/li>\n\n\n\n<li>Krok 2 &#8211; przygotowanie\n<ul class=\"wp-block-list\">\n<li>Przygotuj wyposa\u017cenie na krucjat\u0119 wed\u0142ug <a href=\"https:\/\/niezbednikkrzyzowca.7szkola.pl\/?page_id=43\" data-type=\"page\" data-id=\"43\">listy<\/a>, nie musisz bra\u0107 wyposa\u017cenia zapewnionego przez organizatora<\/li>\n\n\n\n<li>Przygotuj \u015brodek transportu i tras\u0119 na miejsce zbi\u00f3rki<\/li>\n\n\n\n<li>Po\u017cegnaj si\u0119 z rodzin\u0105 i pom\u00f3dl si\u0119 o powodzenie krucjaty<\/li>\n<\/ul>\n<\/li>\n\n\n\n<li>Krok 3\n<ul class=\"wp-block-list\">\n<li>Wyrusz do miejsca zbi\u00f3rki<\/li>\n<\/ul>\n<\/li>\n<\/ul>\n\n\n\n<figure class=\"wp-block-image size-full is-resized\"><img loading=\"lazy\" decoding=\"async\" width=\"270\" height=\"270\" src=\"https:\/\/niezbednikkrzyzowca.7szkola.pl\/wp-content\/uploads\/2024\/12\/5efa295b-9efe-40a0-b05a-0f17c010aac6-2.jpg\" alt=\"\" class=\"wp-image-234\" style=\"width:1140px;height:auto\" srcset=\"https:\/\/niezbednikkrzyzowca.7szkola.pl\/wp-content\/uploads\/2024\/12\/5efa295b-9efe-40a0-b05a-0f17c010aac6-2.jpg 270w, https:\/\/niezbednikkrzyzowca.7szkola.pl\/wp-content\/uploads\/2024\/12\/5efa295b-9efe-40a0-b05a-0f17c010aac6-2-150x150.jpg 150w\" sizes=\"auto, (max-width: 270px) 100vw, 270px\" \/><\/figure>\n\n\n\n<p><\/p>\n","protected":false},"excerpt":{"rendered":"<p>W pojedynk\u0119 Ziemi \u015awi\u0119tej nie odbijesz, dlatego bardzo wa\u017cne jest aby wyruszy\u0107 na krucjat\u0119 razem z innymi jej uczestnikami. Przygotowali\u015bmy, wi\u0119c poradnik do rekrutacji.<\/p>\n","protected":false},"author":1,"featured_media":0,"parent":0,"menu_order":0,"comment_status":"closed","ping_status":"closed","template":"","meta":{"footnotes":""},"class_list":["post-65","page","type-page","status-publish","hentry"],"_links":{"self":[{"href":"https:\/\/niezbednikkrzyzowca.7szkola.pl\/index.php?rest_route=\/wp\/v2\/pages\/65","targetHints":{"allow":["GET"]}}],"collection":[{"href":"https:\/\/niezbednikkrzyzowca.7szkola.pl\/index.php?rest_route=\/wp\/v2\/pages"}],"about":[{"href":"https:\/\/niezbednikkrzyzowca.7szkola.pl\/index.php?rest_route=\/wp\/v2\/types\/page"}],"author":[{"embeddable":true,"href":"https:\/\/niezbednikkrzyzowca.7szkola.pl\/index.php?rest_route=\/wp\/v2\/users\/1"}],"replies":[{"embeddable":true,"href":"https:\/\/niezbednikkrzyzowca.7szkola.pl\/index.php?rest_route=%2Fwp%2Fv2%2Fcomments&post=65"}],"version-history":[{"count":13,"href":"https:\/\/niezbednikkrzyzowca.7szkola.pl\/index.php?rest_route=\/wp\/v2\/pages\/65\/revisions"}],"predecessor-version":[{"id":293,"href":"https:\/\/niezbednikkrzyzowca.7szkola.pl\/index.php?rest_route=\/wp\/v2\/pages\/65\/revisions\/293"}],"wp:attachment":[{"href":"https:\/\/niezbednikkrzyzowca.7szkola.pl\/index.php?rest_route=%2Fwp%2Fv2%2Fmedia&parent=65"}],"curies":[{"name":"wp","href":"https:\/\/api.w.org\/{rel}","templated":true}]}}